{"id":1150,"date":"2026-02-19T12:38:56","date_gmt":"2026-02-19T12:38:56","guid":{"rendered":"https:\/\/capital.vistalaro.com\/blog\/"},"modified":"2026-03-19T12:02:49","modified_gmt":"2026-03-19T12:02:49","slug":"blog","status":"publish","type":"page","link":"https:\/\/capital.vistalaro.com\/fr\/blog\/","title":{"rendered":"Blog"},"content":{"rendered":"<p>[et_pb_section fb_built=\u00a0\u00bb1&Prime; _builder_version=\u00a0\u00bb4.27.5&Prime; _module_preset=\u00a0\u00bbdefault\u00a0\u00bb background_color=\u00a0\u00bbrgba(68,68,68,0.6)\u00a0\u00bb background_image=\u00a0\u00bbhttps:\/\/capital.vistalaro.com\/wp-content\/uploads\/2026\/02\/DSC5395-scaled.png\u00a0\u00bb background_blend=\u00a0\u00bbmultiply\u00a0\u00bb module_alignment=\u00a0\u00bbcenter\u00a0\u00bb max_height=\u00a0\u00bb650px\u00a0\u00bb custom_margin=\u00a0\u00bb-140px||||false|false\u00a0\u00bb custom_padding=\u00a0\u00bb|140px||140px|false|true\u00a0\u00bb locked=\u00a0\u00bboff\u00a0\u00bb global_colors_info=\u00a0\u00bb{}\u00a0\u00bb][et_pb_row make_equal=\u00a0\u00bbon\u00a0\u00bb _builder_version=\u00a0\u00bb4.27.5&Prime; _module_preset=\u00a0\u00bbdefault\u00a0\u00bb width=\u00a0\u00bb100%\u00a0\u00bb module_alignment=\u00a0\u00bbcenter\u00a0\u00bb height=\u00a0\u00bb520px\u00a0\u00bb custom_css_main_element=\u00a0\u00bbdisplay: flex;||align-items: center;    \/* centre verticalement *\/||justify-content: center;\/* centre horizontalement *\/||flex-direction: column; \/* en cas de modules empil\u00e9s *\/||\u00a0\u00bb global_colors_info=\u00a0\u00bb{}\u00a0\u00bb][et_pb_column type=\u00a0\u00bb4_4&Prime; _builder_version=\u00a0\u00bb4.23.1&Prime; _module_preset=\u00a0\u00bbdefault\u00a0\u00bb global_colors_info=\u00a0\u00bb{}\u00a0\u00bb][et_pb_text _builder_version=\u00a0\u00bb4.27.5&Prime; _module_preset=\u00a0\u00bbdefault\u00a0\u00bb header_font=\u00a0\u00bb\u2013et_global_heading_font||||||||\u00a0\u00bb header_text_align=\u00a0\u00bbcenter\u00a0\u00bb header_font_size=\u00a0\u00bb50px\u00a0\u00bb width=\u00a0\u00bb70%\u00a0\u00bb module_alignment=\u00a0\u00bbcenter\u00a0\u00bb global_colors_info=\u00a0\u00bb{}\u00a0\u00bb]<\/p>\n<h1>Le Journal de l\u2019Investisseur<\/h1>\n<p>[\/et_pb_text][et_pb_text _builder_version=\u00a0\u00bb4.27.5&Prime; _module_preset=\u00a0\u00bbdefault\u00a0\u00bb text_text_color=\u00a0\u00bb#FFFFFF\u00a0\u00bb text_font_size=\u00a0\u00bb15px\u00a0\u00bb text_orientation=\u00a0\u00bbcenter\u00a0\u00bb custom_padding=\u00a0\u00bb|16.5%||16.5%|false|true\u00a0\u00bb global_colors_info=\u00a0\u00bb{}\u00a0\u00bb]Votre guide des emplacements de premier choix, de la croissance durable et de la gestion locative de prestige dans la capitale.[\/et_pb_text][\/et_pb_column][\/et_pb_row][\/et_pb_section][et_pb_section fb_built=\u00a0\u00bb1&Prime; _builder_version=\u00a0\u00bb4.27.5&Prime; _module_preset=\u00a0\u00bbdefault\u00a0\u00bb global_colors_info=\u00a0\u00bb{}\u00a0\u00bb][et_pb_row _builder_version=\u00a0\u00bb4.27.5&Prime; _module_preset=\u00a0\u00bbdefault\u00a0\u00bb global_colors_info=\u00a0\u00bb{}\u00a0\u00bb][et_pb_column type=\u00a0\u00bb4_4&Prime; _builder_version=\u00a0\u00bb4.27.5&Prime; _module_preset=\u00a0\u00bbdefault\u00a0\u00bb global_colors_info=\u00a0\u00bb{}\u00a0\u00bb][et_pb_blog fullwidth=\u00a0\u00bboff\u00a0\u00bb post_type=\u00a0\u00bbblog-acf\u00a0\u00bb show_author=\u00a0\u00bboff\u00a0\u00bb show_categories=\u00a0\u00bboff\u00a0\u00bb _builder_version=\u00a0\u00bb4.27.5&Prime; _module_preset=\u00a0\u00bbdefault\u00a0\u00bb header_text_color=\u00a0\u00bb#444444&Prime; body_text_color=\u00a0\u00bb#444444&Prime; global_colors_info=\u00a0\u00bb{}\u00a0\u00bb][\/et_pb_blog][\/et_pb_column][\/et_pb_row][\/et_pb_section][et_pb_section fb_built=\u00a0\u00bb1&Prime; _builder_version=\u00a0\u00bb4.27.5&Prime; _module_preset=\u00a0\u00bbdefault\u00a0\u00bb custom_padding=\u00a0\u00bb|140px||140px|false|true\u00a0\u00bb global_colors_info=\u00a0\u00bb{}\u00a0\u00bb][et_pb_row _builder_version=\u00a0\u00bb4.27.5&Prime; _module_preset=\u00a0\u00bbdefault\u00a0\u00bb global_colors_info=\u00a0\u00bb{}\u00a0\u00bb][et_pb_column type=\u00a0\u00bb4_4&Prime; _builder_version=\u00a0\u00bb4.27.5&Prime; _module_preset=\u00a0\u00bbdefault\u00a0\u00bb global_colors_info=\u00a0\u00bb{}\u00a0\u00bb][et_pb_text _builder_version=\u00a0\u00bb4.27.5&Prime; _module_preset=\u00a0\u00bbdefault\u00a0\u00bb header_text_color=\u00a0\u00bb#444444&Prime; global_colors_info=\u00a0\u00bb{}\u00a0\u00bb locked=\u00a0\u00bboff\u00a0\u00bb]<\/p>\n<h1 class=\"et_pb_contact_main_title et-fb-editable-element et-fb-editable-element__editing\" data-shortcode-id=\"2.0.0.0-1771855921845\" data-quickaccess-id=\"title\" contenteditable=\"true\" data-lt-tmp-id=\"lt-298142\" spellcheck=\"false\" data-gramm=\"false\">Contacter Capital Construct<\/h1>\n<p>[\/et_pb_text][et_pb_text _builder_version=\u00a0\u00bb4.27.5&Prime; _module_preset=\u00a0\u00bbdefault\u00a0\u00bb global_colors_info=\u00a0\u00bb{}\u00a0\u00bb]<\/p>\n<div class=\"frm_forms  with_frm_style frm_style_divi2\" id=\"frm_form_1_container\" >\n<form enctype=\"multipart\/form-data\" method=\"post\" class=\"frm-show-form  frm_pro_form \" id=\"form_contact-form\" >\n<div class=\"frm_form_fields \">\n<fieldset>\n<legend class=\"frm_screen_reader\">Contactez-nous<\/legend>\n\n<div class=\"frm_fields_container\">\n<input type=\"hidden\" name=\"frm_action\" value=\"create\" \/>\n<input type=\"hidden\" name=\"form_id\" value=\"1\" \/>\n<input type=\"hidden\" name=\"frm_hide_fields_1\" id=\"frm_hide_fields_1\" value=\"\" \/>\n<input type=\"hidden\" name=\"form_key\" value=\"contact-form\" \/>\n<input type=\"hidden\" name=\"item_meta[0]\" value=\"\" \/>\n<input type=\"hidden\" id=\"frm_submit_entry_1\" name=\"frm_submit_entry_1\" value=\"e0eeb10dab\" \/><input type=\"hidden\" name=\"_wp_http_referer\" value=\"\/fr\/wp-json\/wp\/v2\/pages\/1150\" \/><div id=\"frm_field_18_container\" class=\"frm_form_field form-field  frm_inside_container frm_label_float_top frm6 frm_first\">\n\t<label for=\"field_hmsbl\" id=\"field_hmsbl_label\" class=\"frm_primary_label\">Comment pouvons-nous vous aider ?\n\t\t<span class=\"frm_required\" aria-hidden=\"true\"><\/span>\n\t<\/label>\n\t\t\t<select name=\"item_meta[18]\" id=\"field_hmsbl\"  data-frmval=\"I would like to make an appointment\" data-invmsg=\"Comment pouvons-nous vous aider ? is invalid\" aria-invalid=\"false\"  >\n\t\t<option  value=\"I would like to make an appointment\" selected='selected'>Je souhaite prendre rendez-vous<\/option><option  value=\"I would like to receive more information about a project\">Je souhaite recevoir plus d&#039;informations sur un projet<\/option><option  value=\"I would like to receive the plans from a specific project\">Je souhaite recevoir les plans d&#039;un projet sp\u00e9cifique<\/option><option  value=\"I would like to contact your office by phone\">Je souhaite contacter votre bureau par t\u00e9l\u00e9phone<\/option><option  value=\"I want to sign up for an open door\">Je souhaite m&#039;inscrire \u00e0 une journ\u00e9e portes ouvertes<\/option><option  value=\"I have another question\">J&#039;ai une autre question<\/option>\t<\/select>\n\t\n\t\n\t\n<\/div>\n<div id=\"frm_field_19_container\" class=\"frm_form_field form-field  frm_inside_container frm_label_float_top frm6\">\n\t<label for=\"field_f1o0l\" id=\"field_f1o0l_label\" class=\"frm_primary_label\">Quel projet sp\u00e9cifique vous int\u00e9resse ?\n\t\t<span class=\"frm_required\" aria-hidden=\"true\"><\/span>\n\t<\/label>\n\t\t\t<select name=\"item_meta[19]\" id=\"field_f1o0l\"  data-frmval=\"Capital One\" data-invmsg=\"Quel projet sp\u00e9cifique vous int\u00e9resse ? is invalid\" aria-invalid=\"false\"  >\n\t\t<option  value=\"Capital One\" selected='selected'>Capital One<\/option><option  value=\"The Corner\">The Corner<\/option><option  value=\"The Empire\">The Empire<\/option><option  value=\"HORTUS\">HORTUS<\/option><option  value=\"THIELEMANS\">THIELEMANS<\/option>\t<\/select>\n\t\n\t\n\t\n<\/div>\n<div id=\"frm_field_1_container\" class=\"frm_form_field form-field  frm_required_field frm_inside_container frm_first frm_half\">\n\t<label for=\"field_qh4icy\" id=\"field_qh4icy_label\" class=\"frm_primary_label\">Nom\n\t\t<span class=\"frm_required\" aria-hidden=\"true\">*<\/span>\n\t<\/label>\n\t<input  type=\"text\" id=\"field_qh4icy\" name=\"item_meta[1]\" value=\"\"  data-reqmsg=\"Nom ne peut pas \u00eatre vide.\" aria-required=\"true\" data-invmsg=\"Nom is invalid\" aria-invalid=\"false\"   \/>\n\t\n\t\n<\/div>\n<div id=\"frm_field_2_container\" class=\"frm_form_field form-field  frm_required_field frm_hidden_container frm_half\">\n\t<label for=\"field_ocfup1\" id=\"field_ocfup1_label\" class=\"frm_primary_label\">Dernier\n\t\t<span class=\"frm_required\" aria-hidden=\"true\">*<\/span>\n\t<\/label>\n\t<input  type=\"text\" id=\"field_ocfup1\" name=\"item_meta[2]\" value=\"\"  data-reqmsg=\"Dernier ne peut pas \u00eatre vide.\" aria-required=\"true\" data-invmsg=\"Dernier is invalid\" aria-invalid=\"false\"   \/>\n\t\n\t\n<\/div>\n<div id=\"frm_field_3_container\" class=\"frm_form_field form-field  frm_required_field frm_inside_container frm_full\">\n\t<label for=\"field_29yf4d\" id=\"field_29yf4d_label\" class=\"frm_primary_label\">Email\n\t\t<span class=\"frm_required\" aria-hidden=\"true\">*<\/span>\n\t<\/label>\n\t<input type=\"email\" id=\"field_29yf4d\" name=\"item_meta[3]\" value=\"\"  data-reqmsg=\"Email ne peut pas \u00eatre vide.\" aria-required=\"true\" data-invmsg=\"Veuillez saisir une adresse e-mail valide.\" aria-invalid=\"false\"  \/>\n\t\n\t\n<\/div>\n<div id=\"frm_field_17_container\" class=\"frm_form_field form-field  frm_required_field frm_inside_container\">\n\t<label for=\"field_kmedn\" id=\"field_kmedn_label\" class=\"frm_primary_label\">T\u00e9l\u00e9phone\n\t\t<span class=\"frm_required\" aria-hidden=\"true\">*<\/span>\n\t<\/label>\n\t<input type=\"tel\" id=\"field_kmedn\" name=\"item_meta[17]\" value=\"\"  data-reqmsg=\"T\u00e9l\u00e9phone ne peut pas \u00eatre vide.\" aria-required=\"true\" data-invmsg=\"T\u00e9l\u00e9phone is invalid\" aria-invalid=\"false\" pattern=\"((\\+\\d{1,3}(-|.| )?\\(?\\d\\)?(-| |.)?\\d{1,5})|(\\(?\\d{2,6}\\)?))(-|.| )?(\\d{3,4})(-|.| )?(\\d{4})(( x| ext)\\d{1,5}){0,1}$\"  \/>\n\t\n\t\n<\/div>\n<div id=\"frm_field_5_container\" class=\"frm_form_field form-field  frm_required_field frm_inside_container frm_full\">\n\t<label for=\"field_9jv0r1\" id=\"field_9jv0r1_label\" class=\"frm_primary_label\">Message\n\t\t<span class=\"frm_required\" aria-hidden=\"true\">*<\/span>\n\t<\/label>\n\t<textarea name=\"item_meta[5]\" id=\"field_9jv0r1\" rows=\"5\"  data-reqmsg=\"Message ne peut pas \u00eatre vide.\" aria-required=\"true\" data-invmsg=\"Message is invalid\" aria-invalid=\"false\"  ><\/textarea>\n\t\n\t\n<\/div>\n<div id=\"frm_field_20_container\" class=\"frm_form_field form-field  frm_required_field frm_top_container vertical_radio\">\n\t<div  id=\"field_rm4uf_label\" class=\"frm_primary_label\">\n\t\t<span class=\"frm_required\" aria-hidden=\"true\">*<\/span>\n\t<\/div>\n\t<div class=\"frm_opt_container\" aria-labelledby=\"field_rm4uf_label\" role=\"group\">\t\t<div class=\"frm_checkbox\" id=\"frm_checkbox_20-0\">\t\t\t<label  for=\"field_rm4uf-0\">\n\t\t\t<input type=\"checkbox\" name=\"item_meta[20][]\" id=\"field_rm4uf-0\" value=\"I am looking for a high-return investment\"  data-reqmsg=\"Ce champ ne peut pas \u00eatre vide.\" data-invmsg=\"Ce champ is invalid\"   aria-required=\"true\"  \/> Je recherche un investissement \u00e0 haut rendement<\/label><\/div>\n\t\t<div class=\"frm_checkbox\" id=\"frm_checkbox_20-1\">\t\t\t<label  for=\"field_rm4uf-1\">\n\t\t\t<input type=\"checkbox\" name=\"item_meta[20][]\" id=\"field_rm4uf-1\" value=\"I am looking for a property for my own occupancy\"  data-reqmsg=\"Ce champ ne peut pas \u00eatre vide.\" data-invmsg=\"Ce champ is invalid\"   \/> Je recherche un bien pour mon occupation personnelle<\/label><\/div>\n\t\t<div class=\"frm_checkbox\" id=\"frm_checkbox_20-2\">\t\t\t<label  for=\"field_rm4uf-2\">\n\t\t\t<input type=\"checkbox\" name=\"item_meta[20][]\" id=\"field_rm4uf-2\" value=\"I agree with the Terms and Conditions and Privacy statement\"  data-reqmsg=\"Ce champ ne peut pas \u00eatre vide.\" data-invmsg=\"Ce champ is invalid\"   \/> J'accepte les Conditions g\u00e9n\u00e9rales et la D\u00e9claration de confidentialit\u00e9<\/label><\/div>\n<\/div>\n\t\n\t\n<\/div>\n<div id=\"frm_field_16_container\" class=\"frm_form_field form-field \">\n\t<div class=\"frm_submit frm_flex\">\n<button class=\"frm_button_submit frm_final_submit\" type=\"submit\"   formnovalidate=\"formnovalidate\">Envoyez-moi plus d&#039;informations<\/button>\n\n\n\n<\/div>\n<\/div>\n\t<input type=\"hidden\" name=\"item_key\" value=\"\" \/>\n\t\t\t<div id=\"frm_field_37_container\">\n\t\t\t<label for=\"field_2fniq\" >\n\t\t\t\tSi vous \u00eates un humain, ne remplissez pas ce champ.\t\t\t<\/label>\n\t\t\t<input  id=\"field_2fniq\" type=\"text\" class=\"frm_form_field form-field frm_verify\" name=\"item_meta[37]\" value=\"\"  \/>\n\t\t<\/div>\n\t\t<input name=\"frm_state\" type=\"hidden\" value=\"frmIqiKinc4H8CIGzuRJLhvKod+VtXIy4c4oNBF\/6K5Uvid3f4DRm6y7EQF77RFa\" \/><\/div>\n<\/fieldset>\n<\/div>\n\n<\/form>\n<\/div>\n\n<p>[\/et_pb_text][\/et_pb_column][\/et_pb_row][\/et_pb_section]<\/p>\n","protected":false},"excerpt":{"rendered":"<p>Le Journal de l\u2019InvestisseurVotre guide des emplacements de premier choix, de la croissance durable et de la gestion locative de prestige dans la capitale.Contacter Capital Construct<div class=\"frm_forms  with_frm_style frm_style_divi2\" id=\"frm_form_1_container\" >\n<form enctype=\"multipart\/form-data\" method=\"post\" class=\"frm-show-form  frm_pro_form \" id=\"form_contact-form\" >\n<div class=\"frm_form_fields \">\n<fieldset>\n<legend class=\"frm_screen_reader\">Contactez-nous<\/legend>\n\n<div class=\"frm_fields_container\">\n<input type=\"hidden\" name=\"frm_action\" value=\"create\" \/>\n<input type=\"hidden\" name=\"form_id\" value=\"1\" \/>\n<input type=\"hidden\" name=\"frm_hide_fields_1\" id=\"frm_hide_fields_1\" value=\"\" \/>\n<input type=\"hidden\" name=\"form_key\" value=\"contact-form\" \/>\n<input type=\"hidden\" name=\"item_meta[0]\" value=\"\" \/>\n<input type=\"hidden\" id=\"frm_submit_entry_1\" name=\"frm_submit_entry_1\" value=\"e0eeb10dab\" \/><input type=\"hidden\" name=\"_wp_http_referer\" value=\"\/fr\/wp-json\/wp\/v2\/pages\/1150\" \/><div id=\"frm_field_18_container\" class=\"frm_form_field form-field  frm_inside_container frm_label_float_top frm6 frm_first\">\n\t<label for=\"field_hmsbl\" id=\"field_hmsbl_label\" class=\"frm_primary_label\">Comment pouvons-nous vous aider ?\n\t\t<span class=\"frm_required\" aria-hidden=\"true\"><\/span>\n\t<\/label>\n\t\t\t<select name=\"item_meta[18]\" id=\"field_hmsbl\"  data-frmval=\"I would like to make an appointment\" data-invmsg=\"Comment pouvons-nous vous aider ? is invalid\" aria-invalid=\"false\"  >\n\t\t<option  value=\"I would like to make an appointment\" selected='selected'>Je souhaite prendre rendez-vous<\/option><option  value=\"I would like to receive more information about a project\">Je souhaite recevoir plus d&#039;informations sur un projet<\/option><option  value=\"I would like to receive the plans from a specific project\">Je souhaite recevoir les plans d&#039;un projet sp\u00e9cifique<\/option><option  value=\"I would like to contact your office by phone\">Je souhaite contacter votre bureau par t\u00e9l\u00e9phone<\/option><option  value=\"I want to sign up for an open door\">Je souhaite m&#039;inscrire \u00e0 une journ\u00e9e portes ouvertes<\/option><option  value=\"I have another question\">J&#039;ai une autre question<\/option>\t<\/select>\n\t\n\t\n\t\n<\/div>\n<div id=\"frm_field_19_container\" class=\"frm_form_field form-field  frm_inside_container frm_label_float_top frm6\">\n\t<label for=\"field_f1o0l\" id=\"field_f1o0l_label\" class=\"frm_primary_label\">Quel projet sp\u00e9cifique vous int\u00e9resse ?\n\t\t<span class=\"frm_required\" aria-hidden=\"true\"><\/span>\n\t<\/label>\n\t\t\t<select name=\"item_meta[19]\" id=\"field_f1o0l\"  data-frmval=\"Capital One\" data-invmsg=\"Quel projet sp\u00e9cifique vous int\u00e9resse ? is invalid\" aria-invalid=\"false\"  >\n\t\t<option  value=\"Capital One\" selected='selected'>Capital One<\/option><option  value=\"The Corner\">The Corner<\/option><option  value=\"The Empire\">The Empire<\/option><option  value=\"HORTUS\">HORTUS<\/option><option  value=\"THIELEMANS\">THIELEMANS<\/option>\t<\/select>\n\t\n\t\n\t\n<\/div>\n<div id=\"frm_field_1_container\" class=\"frm_form_field form-field  frm_required_field frm_inside_container frm_first frm_half\">\n\t<label for=\"field_qh4icy\" id=\"field_qh4icy_label\" class=\"frm_primary_label\">Nom\n\t\t<span class=\"frm_required\" aria-hidden=\"true\">*<\/span>\n\t<\/label>\n\t<input  type=\"text\" id=\"field_qh4icy\" name=\"item_meta[1]\" value=\"\"  data-reqmsg=\"Nom ne peut pas \u00eatre vide.\" aria-required=\"true\" data-invmsg=\"Nom is invalid\" aria-invalid=\"false\"   \/>\n\t\n\t\n<\/div>\n<div id=\"frm_field_2_container\" class=\"frm_form_field form-field  frm_required_field frm_hidden_container frm_half\">\n\t<label for=\"field_ocfup1\" id=\"field_ocfup1_label\" class=\"frm_primary_label\">Dernier\n\t\t<span class=\"frm_required\" aria-hidden=\"true\">*<\/span>\n\t<\/label>\n\t<input  type=\"text\" id=\"field_ocfup1\" name=\"item_meta[2]\" value=\"\"  data-reqmsg=\"Dernier ne peut pas \u00eatre vide.\" aria-required=\"true\" data-invmsg=\"Dernier is invalid\" aria-invalid=\"false\"   \/>\n\t\n\t\n<\/div>\n<div id=\"frm_field_3_container\" class=\"frm_form_field form-field  frm_required_field frm_inside_container frm_full\">\n\t<label for=\"field_29yf4d\" id=\"field_29yf4d_label\" class=\"frm_primary_label\">Email\n\t\t<span class=\"frm_required\" aria-hidden=\"true\">*<\/span>\n\t<\/label>\n\t<input type=\"email\" id=\"field_29yf4d\" name=\"item_meta[3]\" value=\"\"  data-reqmsg=\"Email ne peut pas \u00eatre vide.\" aria-required=\"true\" data-invmsg=\"Veuillez saisir une adresse e-mail valide.\" aria-invalid=\"false\"  \/>\n\t\n\t\n<\/div>\n<div id=\"frm_field_17_container\" class=\"frm_form_field form-field  frm_required_field frm_inside_container\">\n\t<label for=\"field_kmedn\" id=\"field_kmedn_label\" class=\"frm_primary_label\">T\u00e9l\u00e9phone\n\t\t<span class=\"frm_required\" aria-hidden=\"true\">*<\/span>\n\t<\/label>\n\t<input type=\"tel\" id=\"field_kmedn\" name=\"item_meta[17]\" value=\"\"  data-reqmsg=\"T\u00e9l\u00e9phone ne peut pas \u00eatre vide.\" aria-required=\"true\" data-invmsg=\"T\u00e9l\u00e9phone is invalid\" aria-invalid=\"false\" pattern=\"((\\+\\d{1,3}(-|.| )?\\(?\\d\\)?(-| |.)?\\d{1,5})|(\\(?\\d{2,6}\\)?))(-|.| )?(\\d{3,4})(-|.| )?(\\d{4})(( x| ext)\\d{1,5}){0,1}$\"  \/>\n\t\n\t\n<\/div>\n<div id=\"frm_field_5_container\" class=\"frm_form_field form-field  frm_required_field frm_inside_container frm_full\">\n\t<label for=\"field_9jv0r1\" id=\"field_9jv0r1_label\" class=\"frm_primary_label\">Message\n\t\t<span class=\"frm_required\" aria-hidden=\"true\">*<\/span>\n\t<\/label>\n\t<textarea name=\"item_meta[5]\" id=\"field_9jv0r1\" rows=\"5\"  data-reqmsg=\"Message ne peut pas \u00eatre vide.\" aria-required=\"true\" data-invmsg=\"Message is invalid\" aria-invalid=\"false\"  ><\/textarea>\n\t\n\t\n<\/div>\n<div id=\"frm_field_20_container\" class=\"frm_form_field form-field  frm_required_field frm_top_container vertical_radio\">\n\t<div  id=\"field_rm4uf_label\" class=\"frm_primary_label\">\n\t\t<span class=\"frm_required\" aria-hidden=\"true\">*<\/span>\n\t<\/div>\n\t<div class=\"frm_opt_container\" aria-labelledby=\"field_rm4uf_label\" role=\"group\">\t\t<div class=\"frm_checkbox\" id=\"frm_checkbox_20-0\">\t\t\t<label  for=\"field_rm4uf-0\">\n\t\t\t<input type=\"checkbox\" name=\"item_meta[20][]\" id=\"field_rm4uf-0\" value=\"I am looking for a high-return investment\"  data-reqmsg=\"Ce champ ne peut pas \u00eatre vide.\" data-invmsg=\"Ce champ is invalid\"   aria-required=\"true\"  \/> Je recherche un investissement \u00e0 haut rendement<\/label><\/div>\n\t\t<div class=\"frm_checkbox\" id=\"frm_checkbox_20-1\">\t\t\t<label  for=\"field_rm4uf-1\">\n\t\t\t<input type=\"checkbox\" name=\"item_meta[20][]\" id=\"field_rm4uf-1\" value=\"I am looking for a property for my own occupancy\"  data-reqmsg=\"Ce champ ne peut pas \u00eatre vide.\" data-invmsg=\"Ce champ is invalid\"   \/> Je recherche un bien pour mon occupation personnelle<\/label><\/div>\n\t\t<div class=\"frm_checkbox\" id=\"frm_checkbox_20-2\">\t\t\t<label  for=\"field_rm4uf-2\">\n\t\t\t<input type=\"checkbox\" name=\"item_meta[20][]\" id=\"field_rm4uf-2\" value=\"I agree with the Terms and Conditions and Privacy statement\"  data-reqmsg=\"Ce champ ne peut pas \u00eatre vide.\" data-invmsg=\"Ce champ is invalid\"   \/> J'accepte les Conditions g\u00e9n\u00e9rales et la D\u00e9claration de confidentialit\u00e9<\/label><\/div>\n<\/div>\n\t\n\t\n<\/div>\n<div id=\"frm_field_16_container\" class=\"frm_form_field form-field \">\n\t<div class=\"frm_submit frm_flex\">\n<button class=\"frm_button_submit frm_final_submit\" type=\"submit\"   formnovalidate=\"formnovalidate\">Envoyez-moi plus d&#039;informations<\/button>\n\n\n\n<\/div>\n<\/div>\n\t<input type=\"hidden\" name=\"item_key\" value=\"\" \/>\n\t\t\t<div id=\"frm_field_38_container\">\n\t\t\t<label for=\"field_w4243\" >\n\t\t\t\tSi vous \u00eates un humain, ne remplissez pas ce champ.\t\t\t<\/label>\n\t\t\t<input  id=\"field_w4243\" type=\"text\" class=\"frm_form_field form-field frm_verify\" name=\"item_meta[38]\" value=\"\"  \/>\n\t\t<\/div>\n\t\t<input name=\"frm_state\" type=\"hidden\" value=\"frmIqiKinc4H8CIGzuRJLhvKod+VtXIy4c4oNBF\/6K6HrvJgWqxYSYXLpgTShaUN\" \/><\/div>\n<\/fieldset>\n<\/div>\n\n<\/form>\n<\/div>\n<\/p>\n","protected":false},"author":2,"featured_media":0,"parent":0,"menu_order":0,"comment_status":"closed","ping_status":"closed","template":"","meta":{"_acf_changed":false,"_et_pb_use_builder":"on","_et_pb_old_content":"","_et_gb_content_width":"","footnotes":""},"class_list":["post-1150","page","type-page","status-publish","hentry"],"acf":[],"_links":{"self":[{"href":"https:\/\/capital.vistalaro.com\/fr\/wp-json\/wp\/v2\/pages\/1150","targetHints":{"allow":["GET"]}}],"collection":[{"href":"https:\/\/capital.vistalaro.com\/fr\/wp-json\/wp\/v2\/pages"}],"about":[{"href":"https:\/\/capital.vistalaro.com\/fr\/wp-json\/wp\/v2\/types\/page"}],"author":[{"embeddable":true,"href":"https:\/\/capital.vistalaro.com\/fr\/wp-json\/wp\/v2\/users\/2"}],"replies":[{"embeddable":true,"href":"https:\/\/capital.vistalaro.com\/fr\/wp-json\/wp\/v2\/comments?post=1150"}],"version-history":[{"count":13,"href":"https:\/\/capital.vistalaro.com\/fr\/wp-json\/wp\/v2\/pages\/1150\/revisions"}],"predecessor-version":[{"id":2899,"href":"https:\/\/capital.vistalaro.com\/fr\/wp-json\/wp\/v2\/pages\/1150\/revisions\/2899"}],"wp:attachment":[{"href":"https:\/\/capital.vistalaro.com\/fr\/wp-json\/wp\/v2\/media?parent=1150"}],"curies":[{"name":"wp","href":"https:\/\/api.w.org\/{rel}","templated":true}]}}